{"id":19,"date":"2021-06-03T17:35:40","date_gmt":"2021-06-03T15:35:40","guid":{"rendered":"http:\/\/bara.abson.cz\/?page_id=19"},"modified":"2021-06-21T14:04:31","modified_gmt":"2021-06-21T12:04:31","slug":"restaurace","status":"publish","type":"page","link":"https:\/\/hotelbarabenecko.cz\/de\/restaurace\/","title":{"rendered":"RESTAURACE"},"content":{"rendered":"\n<p>Pro hotelov\u00e9 hosty nab\u00edz\u00edme k&nbsp;ubytov\u00e1n\u00ed standardn\u011b polopenzi. Sn\u00eddan\u011b p\u0159ipravujeme formou \u0161v\u00e9dsk\u00fdch stol\u016f (pokud nen\u00ed n\u011bjak\u00e9 hygienick\u00e9 omezen\u00ed ) v&nbsp;dob\u011b od 7:30 do 9:30 hodin, k&nbsp;ve\u010de\u0159i nab\u00edz\u00edme serv\u00edrovan\u00e9 menu s v\u00fdb\u011brem ze t\u0159\u00ed hlavn\u00edch j\u00eddel. Pokud host projev\u00ed z\u00e1jem m\u016f\u017eeme se domluvit i na jin\u00e9 form\u011b. Vych\u00e1z\u00edme vst\u0159\u00edc i host\u016fm s&nbsp;dietn\u00edm omezen\u00edm. Va\u0159\u00edme rozmanit\u011b, nab\u00edz\u00edme pestrou kuchyni, kde nepou\u017e\u00edv\u00e1me chemick\u00e1 dochucovadla ani stabiliz\u00e1tory. Na\u0161e j\u00eddla jsou p\u0159ipravov\u00e1na v\u017edy z&nbsp;\u010derstv\u00fdch surovin. Sna\u017e\u00edme se do j\u00eddeln\u00ed\u010dku zahrnout takovou skladbu j\u00eddel, aby si vybral ka\u017ed\u00fd. Va\u0159\u00edme speciality \u010desk\u00e9, tradi\u010dn\u00ed krkono\u0161sk\u00e9 i mezin\u00e1rodn\u00ed.<\/p>\n\n\n\n<p>Pro sportovce a \u0161koly v&nbsp;p\u0159\u00edrod\u011b db\u00e1me na vhodnou a pestrou stravu.&nbsp;Na baru je mo\u017en\u00e9 zakoupit pohledy, sladkosti, o\u0159\u00ed\u0161ky, chipsy dle aktu\u00e1ln\u00edch mo\u017enost\u00ed.<\/p>\n\n\n\n<p>Restaurace je otev\u0159en\u00e1 do 22:00 hodiny. Do t\u00e9to doby tak\u00e9 m\u016f\u017eete vyu\u017e\u00edt terasu, kde budete tak\u00e9 obslou\u017eeni.<\/p>\n\n\n\n<div style=\"height:30px\" aria-hidden=\"true\" class=\"wp-block-spacer\"><\/div>\n\n\n<style>.wp-block-kadence-advancedgallery .kb-gallery-type-grid.kb-gallery-id-_dde0c8-76{margin:-5px;}.kb-gallery-type-grid.kb-gallery-id-_dde0c8-76 .kadence-blocks-gallery-item{padding:5px;}.kb-gallery-id-_dde0c8-76 .kadence-blocks-gallery-item .kb-gal-image-radius, .kb-gallery-id-_dde0c8-76 .kb-slide-item .kb-gal-image-radius img{border-radius:0px 0px 0px 0px;;}<\/style>\n<div class=\"wp-block-kadence-advancedgallery kb-gallery-wrap-id-_dde0c8-76\"><ul class=\"kb-gallery-ul kb-gallery-type-grid kb-gallery-id-_dde0c8-76 kb-gallery-caption-style-bottom-hover kb-gallery-filter-none kb-gallery-magnific-init\" data-item-selector=\".kadence-blocks-gallery-item\" data-image-filter=\"none\" data-lightbox-caption=\"true\" data-columns-xxl=\"3\" data-columns-xl=\"3\" data-columns-lg=\"3\" data-columns-md=\"2\" data-columns-sm=\"1\" data-columns-xs=\"1\" data-columns-ss=\"1\"><li class=\"kadence-blocks-gallery-item\"><div class=\"kadence-blocks-gallery-item-inner\"><figure class=\"kb-gallery-figure kb-gallery-item-has-link kadence-blocks-gallery-item-hide-caption kb-has-image-ratio-land32\"><a href=\"http:\/\/hotelbarabenecko.cz\/wp-content\/uploads\/2021\/06\/MG_8469.jpg\" class=\"kb-gallery-item-link\"><div class=\"kb-gal-image-radius\"><div class=\"kb-gallery-image-contain kadence-blocks-gallery-intrinsic kb-gallery-image-ratio-land32\"><img loading=\"lazy\" decoding=\"async\" src=\"http:\/\/hotelbarabenecko.cz\/wp-content\/uploads\/2021\/06\/MG_8469-1024x683.jpg\" width=\"1024\" height=\"683\" alt=\"\" data-full-image=\"http:\/\/hotelbarabenecko.cz\/wp-content\/uploads\/2021\/06\/MG_8469.jpg\" data-light-image=\"http:\/\/hotelbarabenecko.cz\/wp-content\/uploads\/2021\/06\/MG_8469.jpg\" data-id=\"234\" data-link=\"http:\/\/hotelbarabenecko.cz\/_mg_8469\/\" class=\"wp-image-234undefined\" srcset=\"https:\/\/hotelbarabenecko.cz\/wp-content\/uploads\/2021\/06\/MG_8469-1024x683.jpg 1024w, https:\/\/hotelbarabenecko.cz\/wp-content\/uploads\/2021\/06\/MG_8469-300x200.jpg 300w, https:\/\/hotelbarabenecko.cz\/wp-content\/uploads\/2021\/06\/MG_8469-768x512.jpg 768w, https:\/\/hotelbarabenecko.cz\/wp-content\/uploads\/2021\/06\/MG_8469.jpg 1200w\" sizes=\"auto, (max-width: 1024px) 100vw, 1024px\" \/><\/div><\/div><\/a><\/figure><\/div><\/li><li class=\"kadence-blocks-gallery-item\"><div class=\"kadence-blocks-gallery-item-inner\"><figure class=\"kb-gallery-figure kb-gallery-item-has-link kadence-blocks-gallery-item-hide-caption kb-has-image-ratio-land32\"><a href=\"http:\/\/hotelbarabenecko.cz\/wp-content\/uploads\/2021\/06\/MG_8472.jpg\" class=\"kb-gallery-item-link\"><div class=\"kb-gal-image-radius\"><div class=\"kb-gallery-image-contain kadence-blocks-gallery-intrinsic kb-gallery-image-ratio-land32\"><img loading=\"lazy\" decoding=\"async\" src=\"http:\/\/hotelbarabenecko.cz\/wp-content\/uploads\/2021\/06\/MG_8472-1024x683.jpg\" width=\"1024\" height=\"683\" alt=\"\" data-full-image=\"http:\/\/hotelbarabenecko.cz\/wp-content\/uploads\/2021\/06\/MG_8472.jpg\" data-light-image=\"http:\/\/hotelbarabenecko.cz\/wp-content\/uploads\/2021\/06\/MG_8472.jpg\" data-id=\"235\" data-link=\"http:\/\/hotelbarabenecko.cz\/_mg_8472\/\" class=\"wp-image-235undefined\" srcset=\"https:\/\/hotelbarabenecko.cz\/wp-content\/uploads\/2021\/06\/MG_8472-1024x683.jpg 1024w, https:\/\/hotelbarabenecko.cz\/wp-content\/uploads\/2021\/06\/MG_8472-300x200.jpg 300w, https:\/\/hotelbarabenecko.cz\/wp-content\/uploads\/2021\/06\/MG_8472-768x512.jpg 768w, https:\/\/hotelbarabenecko.cz\/wp-content\/uploads\/2021\/06\/MG_8472.jpg 1200w\" sizes=\"auto, (max-width: 1024px) 100vw, 1024px\" \/><\/div><\/div><\/a><\/figure><\/div><\/li><li class=\"kadence-blocks-gallery-item\"><div class=\"kadence-blocks-gallery-item-inner\"><figure class=\"kb-gallery-figure kb-gallery-item-has-link kadence-blocks-gallery-item-hide-caption kb-has-image-ratio-land32\"><a href=\"http:\/\/hotelbarabenecko.cz\/wp-content\/uploads\/2021\/06\/Hotel-Bara-32.jpg\" class=\"kb-gallery-item-link\"><div class=\"kb-gal-image-radius\"><div class=\"kb-gallery-image-contain kadence-blocks-gallery-intrinsic kb-gallery-image-ratio-land32\"><img loading=\"lazy\" decoding=\"async\" src=\"http:\/\/hotelbarabenecko.cz\/wp-content\/uploads\/2021\/06\/Hotel-Bara-32-1024x686.jpg\" width=\"1024\" height=\"686\" alt=\"\" data-full-image=\"http:\/\/hotelbarabenecko.cz\/wp-content\/uploads\/2021\/06\/Hotel-Bara-32.jpg\" data-light-image=\"http:\/\/hotelbarabenecko.cz\/wp-content\/uploads\/2021\/06\/Hotel-Bara-32.jpg\" data-id=\"262\" data-link=\"http:\/\/hotelbarabenecko.cz\/hotel-bara-32\/\" class=\"wp-image-262undefined\" srcset=\"https:\/\/hotelbarabenecko.cz\/wp-content\/uploads\/2021\/06\/Hotel-Bara-32-1024x686.jpg 1024w, https:\/\/hotelbarabenecko.cz\/wp-content\/uploads\/2021\/06\/Hotel-Bara-32-300x201.jpg 300w, https:\/\/hotelbarabenecko.cz\/wp-content\/uploads\/2021\/06\/Hotel-Bara-32-768x515.jpg 768w, https:\/\/hotelbarabenecko.cz\/wp-content\/uploads\/2021\/06\/Hotel-Bara-32.jpg 1200w\" sizes=\"auto, (max-width: 1024px) 100vw, 1024px\" \/><\/div><\/div><\/a><\/figure><\/div><\/li><li class=\"kadence-blocks-gallery-item\"><div class=\"kadence-blocks-gallery-item-inner\"><figure class=\"kb-gallery-figure kb-gallery-item-has-link kadence-blocks-gallery-item-hide-caption kb-has-image-ratio-land32\"><a href=\"http:\/\/hotelbarabenecko.cz\/wp-content\/uploads\/2021\/06\/F60D5BCF-728F-451A-9AD1-B0DF792025EE-scaled.jpeg\" class=\"kb-gallery-item-link\"><div class=\"kb-gal-image-radius\"><div class=\"kb-gallery-image-contain kadence-blocks-gallery-intrinsic kb-gallery-image-ratio-land32\"><img loading=\"lazy\" decoding=\"async\" src=\"http:\/\/hotelbarabenecko.cz\/wp-content\/uploads\/2021\/06\/F60D5BCF-728F-451A-9AD1-B0DF792025EE-1024x768.jpeg\" width=\"1024\" height=\"768\" alt=\"\" data-full-image=\"http:\/\/hotelbarabenecko.cz\/wp-content\/uploads\/2021\/06\/F60D5BCF-728F-451A-9AD1-B0DF792025EE-scaled.jpeg\" data-light-image=\"http:\/\/hotelbarabenecko.cz\/wp-content\/uploads\/2021\/06\/F60D5BCF-728F-451A-9AD1-B0DF792025EE-scaled.jpeg\" data-id=\"131\" data-link=\"http:\/\/hotelbarabenecko.cz\/f60d5bcf-728f-451a-9ad1-b0df792025ee\/\" class=\"wp-image-131undefined\" srcset=\"https:\/\/hotelbarabenecko.cz\/wp-content\/uploads\/2021\/06\/F60D5BCF-728F-451A-9AD1-B0DF792025EE-1024x768.jpeg 1024w, https:\/\/hotelbarabenecko.cz\/wp-content\/uploads\/2021\/06\/F60D5BCF-728F-451A-9AD1-B0DF792025EE-300x225.jpeg 300w, https:\/\/hotelbarabenecko.cz\/wp-content\/uploads\/2021\/06\/F60D5BCF-728F-451A-9AD1-B0DF792025EE-768x576.jpeg 768w, https:\/\/hotelbarabenecko.cz\/wp-content\/uploads\/2021\/06\/F60D5BCF-728F-451A-9AD1-B0DF792025EE-1536x1152.jpeg 1536w, https:\/\/hotelbarabenecko.cz\/wp-content\/uploads\/2021\/06\/F60D5BCF-728F-451A-9AD1-B0DF792025EE-2048x1536.jpeg 2048w, https:\/\/hotelbarabenecko.cz\/wp-content\/uploads\/2021\/06\/F60D5BCF-728F-451A-9AD1-B0DF792025EE-1568x1176.jpeg 1568w\" sizes=\"auto, (max-width: 1024px) 100vw, 1024px\" \/><\/div><\/div><\/a><\/figure><\/div><\/li><li class=\"kadence-blocks-gallery-item\"><div class=\"kadence-blocks-gallery-item-inner\"><figure class=\"kb-gallery-figure kb-gallery-item-has-link kadence-blocks-gallery-item-hide-caption kb-has-image-ratio-land32\"><a href=\"http:\/\/hotelbarabenecko.cz\/wp-content\/uploads\/2021\/06\/C7742D10-EE2F-49C2-9D3B-9BC9579BBF62-scaled.jpeg\" class=\"kb-gallery-item-link\"><div class=\"kb-gal-image-radius\"><div class=\"kb-gallery-image-contain kadence-blocks-gallery-intrinsic kb-gallery-image-ratio-land32\"><img loading=\"lazy\" decoding=\"async\" src=\"http:\/\/hotelbarabenecko.cz\/wp-content\/uploads\/2021\/06\/C7742D10-EE2F-49C2-9D3B-9BC9579BBF62-1024x768.jpeg\" width=\"1024\" height=\"768\" alt=\"\" data-full-image=\"http:\/\/hotelbarabenecko.cz\/wp-content\/uploads\/2021\/06\/C7742D10-EE2F-49C2-9D3B-9BC9579BBF62-scaled.jpeg\" data-light-image=\"http:\/\/hotelbarabenecko.cz\/wp-content\/uploads\/2021\/06\/C7742D10-EE2F-49C2-9D3B-9BC9579BBF62-scaled.jpeg\" data-id=\"122\" data-link=\"http:\/\/hotelbarabenecko.cz\/c7742d10-ee2f-49c2-9d3b-9bc9579bbf62\/\" class=\"wp-image-122undefined\" srcset=\"https:\/\/hotelbarabenecko.cz\/wp-content\/uploads\/2021\/06\/C7742D10-EE2F-49C2-9D3B-9BC9579BBF62-1024x768.jpeg 1024w, https:\/\/hotelbarabenecko.cz\/wp-content\/uploads\/2021\/06\/C7742D10-EE2F-49C2-9D3B-9BC9579BBF62-300x225.jpeg 300w, https:\/\/hotelbarabenecko.cz\/wp-content\/uploads\/2021\/06\/C7742D10-EE2F-49C2-9D3B-9BC9579BBF62-768x576.jpeg 768w, https:\/\/hotelbarabenecko.cz\/wp-content\/uploads\/2021\/06\/C7742D10-EE2F-49C2-9D3B-9BC9579BBF62-1536x1152.jpeg 1536w, https:\/\/hotelbarabenecko.cz\/wp-content\/uploads\/2021\/06\/C7742D10-EE2F-49C2-9D3B-9BC9579BBF62-2048x1536.jpeg 2048w, https:\/\/hotelbarabenecko.cz\/wp-content\/uploads\/2021\/06\/C7742D10-EE2F-49C2-9D3B-9BC9579BBF62-1568x1176.jpeg 1568w\" sizes=\"auto, (max-width: 1024px) 100vw, 1024px\" \/><\/div><\/div><\/a><\/figure><\/div><\/li><li class=\"kadence-blocks-gallery-item\"><div class=\"kadence-blocks-gallery-item-inner\"><figure class=\"kb-gallery-figure kb-gallery-item-has-link kadence-blocks-gallery-item-hide-caption kb-has-image-ratio-land32\"><a href=\"http:\/\/hotelbarabenecko.cz\/wp-content\/uploads\/2021\/06\/Hotel-Bara-28.jpg\" class=\"kb-gallery-item-link\"><div class=\"kb-gal-image-radius\"><div class=\"kb-gallery-image-contain kadence-blocks-gallery-intrinsic kb-gallery-image-ratio-land32\"><img loading=\"lazy\" decoding=\"async\" src=\"http:\/\/hotelbarabenecko.cz\/wp-content\/uploads\/2021\/06\/Hotel-Bara-28-1024x678.jpg\" width=\"1024\" height=\"678\" alt=\"\" data-full-image=\"http:\/\/hotelbarabenecko.cz\/wp-content\/uploads\/2021\/06\/Hotel-Bara-28.jpg\" data-light-image=\"http:\/\/hotelbarabenecko.cz\/wp-content\/uploads\/2021\/06\/Hotel-Bara-28.jpg\" data-id=\"260\" data-link=\"http:\/\/hotelbarabenecko.cz\/hotel-bara-28\/\" class=\"wp-image-260undefined\" srcset=\"https:\/\/hotelbarabenecko.cz\/wp-content\/uploads\/2021\/06\/Hotel-Bara-28-1024x678.jpg 1024w, https:\/\/hotelbarabenecko.cz\/wp-content\/uploads\/2021\/06\/Hotel-Bara-28-300x199.jpg 300w, https:\/\/hotelbarabenecko.cz\/wp-content\/uploads\/2021\/06\/Hotel-Bara-28-768x508.jpg 768w, https:\/\/hotelbarabenecko.cz\/wp-content\/uploads\/2021\/06\/Hotel-Bara-28.jpg 1200w\" sizes=\"auto, (max-width: 1024px) 100vw, 1024px\" \/><\/div><\/div><\/a><\/figure><\/div><\/li><\/ul><\/div>\n\n\n\n<div style=\"height:60px\" aria-hidden=\"true\" class=\"wp-block-spacer\"><\/div>\n","protected":false},"excerpt":{"rendered":"<p>Pro hotelov\u00e9 hosty nab\u00edz\u00edme k&nbsp;ubytov\u00e1n\u00ed standardn\u011b polopenzi. Sn\u00eddan\u011b p\u0159ipravujeme formou \u0161v\u00e9dsk\u00fdch stol\u016f (pokud nen\u00ed n\u011bjak\u00e9 hygienick\u00e9 omezen\u00ed ) v&nbsp;dob\u011b od 7:30 do 9:30 hodin, k&nbsp;ve\u010de\u0159i nab\u00edz\u00edme serv\u00edrovan\u00e9 menu s v\u00fdb\u011brem ze t\u0159\u00ed hlavn\u00edch j\u00eddel. Pokud host projev\u00ed z\u00e1jem m\u016f\u017eeme se domluvit i na jin\u00e9 form\u011b. Vych\u00e1z\u00edme vst\u0159\u00edc i host\u016fm s&nbsp;dietn\u00edm omezen\u00edm. Va\u0159\u00edme rozmanit\u011b, nab\u00edz\u00edme pestrou [&hellip;]<\/p>\n","protected":false},"author":1,"featured_media":0,"parent":0,"menu_order":3,"comment_status":"closed","ping_status":"closed","template":"","meta":{"footnotes":""},"class_list":["post-19","page","type-page","status-publish","hentry"],"_links":{"self":[{"href":"https:\/\/hotelbarabenecko.cz\/de\/wp-json\/wp\/v2\/pages\/19","targetHints":{"allow":["GET"]}}],"collection":[{"href":"https:\/\/hotelbarabenecko.cz\/de\/wp-json\/wp\/v2\/pages"}],"about":[{"href":"https:\/\/hotelbarabenecko.cz\/de\/wp-json\/wp\/v2\/types\/page"}],"author":[{"embeddable":true,"href":"https:\/\/hotelbarabenecko.cz\/de\/wp-json\/wp\/v2\/users\/1"}],"replies":[{"embeddable":true,"href":"https:\/\/hotelbarabenecko.cz\/de\/wp-json\/wp\/v2\/comments?post=19"}],"version-history":[{"count":10,"href":"https:\/\/hotelbarabenecko.cz\/de\/wp-json\/wp\/v2\/pages\/19\/revisions"}],"predecessor-version":[{"id":468,"href":"https:\/\/hotelbarabenecko.cz\/de\/wp-json\/wp\/v2\/pages\/19\/revisions\/468"}],"wp:attachment":[{"href":"https:\/\/hotelbarabenecko.cz\/de\/wp-json\/wp\/v2\/media?parent=19"}],"curies":[{"name":"wp","href":"https:\/\/api.w.org\/{rel}","templated":true}]}}