{"id":32,"date":"2021-06-03T17:36:59","date_gmt":"2021-06-03T15:36:59","guid":{"rendered":"http:\/\/bara.abson.cz\/?page_id=32"},"modified":"2021-06-21T14:06:33","modified_gmt":"2021-06-21T12:06:33","slug":"kontakt","status":"publish","type":"page","link":"https:\/\/hotelbarabenecko.cz\/de\/kontakt\/","title":{"rendered":"KONTAKT"},"content":{"rendered":"\n<div class=\"wp-block-columns is-layout-flex wp-container-core-columns-is-layout-9d6595d7 wp-block-columns-is-layout-flex\">\n<div class=\"wp-block-column is-layout-flow wp-block-column-is-layout-flow\" style=\"flex-basis:30%\">\n<h2 class=\"wp-block-heading\">Nev\u00e1hejte a kontaktujte <strong>Relax Hotel B\u00e1ra Benecko<\/strong><\/h2>\n\n\n\n<p>Adresa \/ S\u00eddlo:<br><strong>Benecko 132, 512 37 Benecko<\/strong><\/p>\n\n\n\n<p>Pot\u0159ebujete zodpov\u011bd\u011bt Va\u0161e dotazy? Nebo rovnou objednat pobyt?<br>Kontaktujte n\u00e1s pomoc\u00ed emailu: <strong>recepce@hotelbarabenecko.cz<\/strong><\/p>\n\n\n\n<p>Nev\u00e1hejte a zavolejte n\u00e1m!<br><strong>tel.:<\/strong> <strong>+420 483 034 018<\/strong><br>mob.: <strong>+420 734 447 770<\/strong><\/p>\n\n\n\n<div style=\"height:40px\" aria-hidden=\"true\" class=\"wp-block-spacer\"><\/div>\n<\/div>\n\n\n\n<div class=\"wp-block-column is-layout-flow wp-block-column-is-layout-flow\">\n<iframe src=\"https:\/\/www.google.com\/maps\/embed?pb=!1m18!1m12!1m3!1d2528.527933038873!2d15.561207975704418!3d50.673024825064964!2m3!1f0!2f0!3f0!3m2!1i1024!2i768!4f13.1!3m3!1m2!1s0x470ec0571945f677%3A0x39b6fca510dcb7aa!2sHotel%20B%C3%A1ra!5e0!3m2!1scs!2scz!4v1623962728934!5m2!1scs!2scz\" width=\"100%\" height=\"500\" style=\"border:0;\" allowfullscreen=\"\" loading=\"lazy\"><\/iframe>\n<\/div>\n<\/div>\n\n\n\n<div style=\"height:50px\" aria-hidden=\"true\" class=\"wp-block-spacer\"><\/div>\n\n\n\n[formular]\n","protected":false},"excerpt":{"rendered":"<p>Nev\u00e1hejte a kontaktujte Relax Hotel B\u00e1ra Benecko Adresa \/ S\u00eddlo:Benecko 132, 512 37 Benecko Pot\u0159ebujete zodpov\u011bd\u011bt Va\u0161e dotazy? Nebo rovnou objednat pobyt?Kontaktujte n\u00e1s pomoc\u00ed emailu: recepce@hotelbarabenecko.cz Nev\u00e1hejte a zavolejte n\u00e1m!tel.: +420 483 034 018mob.: +420 734 447 770 [formular]<\/p>\n","protected":false},"author":1,"featured_media":0,"parent":0,"menu_order":6,"comment_status":"closed","ping_status":"closed","template":"","meta":{"footnotes":""},"class_list":["post-32","page","type-page","status-publish","hentry"],"_links":{"self":[{"href":"https:\/\/hotelbarabenecko.cz\/de\/wp-json\/wp\/v2\/pages\/32","targetHints":{"allow":["GET"]}}],"collection":[{"href":"https:\/\/hotelbarabenecko.cz\/de\/wp-json\/wp\/v2\/pages"}],"about":[{"href":"https:\/\/hotelbarabenecko.cz\/de\/wp-json\/wp\/v2\/types\/page"}],"author":[{"embeddable":true,"href":"https:\/\/hotelbarabenecko.cz\/de\/wp-json\/wp\/v2\/users\/1"}],"replies":[{"embeddable":true,"href":"https:\/\/hotelbarabenecko.cz\/de\/wp-json\/wp\/v2\/comments?post=32"}],"version-history":[{"count":10,"href":"https:\/\/hotelbarabenecko.cz\/de\/wp-json\/wp\/v2\/pages\/32\/revisions"}],"predecessor-version":[{"id":332,"href":"https:\/\/hotelbarabenecko.cz\/de\/wp-json\/wp\/v2\/pages\/32\/revisions\/332"}],"wp:attachment":[{"href":"https:\/\/hotelbarabenecko.cz\/de\/wp-json\/wp\/v2\/media?parent=32"}],"curies":[{"name":"wp","href":"https:\/\/api.w.org\/{rel}","templated":true}]}}