{"id":53,"date":"2021-06-03T22:12:54","date_gmt":"2021-06-03T20:12:54","guid":{"rendered":"http:\/\/bara.abson.cz\/?page_id=53"},"modified":"2021-06-16T17:12:03","modified_gmt":"2021-06-16T15:12:03","slug":"wellness","status":"publish","type":"page","link":"https:\/\/hotelbarabenecko.cz\/de\/wellness\/","title":{"rendered":"WELLNESS"},"content":{"rendered":"\n<p>Bylinkov\u00e1 parn\u00ed sauna s hv\u011bzdn\u00fdm nebem a sv\u011btelnou font\u00e1nkou nab\u00edz\u00ed p\u0159\u00edjemn\u00e9 proh\u0159\u00e1t\u00ed t\u011bla a sou\u010dasn\u011b uvol\u0148uje d\u00fdchac\u00ed cesty d\u00fdch\u00e1n\u00edm vlhk\u00e9 p\u00e1ry a bylinn\u00fdch esenc\u00ed.<\/p>\n\n\n\n<p>Tato sauna je vhodn\u00e1 i pro d\u011bti, teplota dosahuje max.&nbsp;45&nbsp;\u00b0C<\/p>\n\n\n\n<p>Finsk\u00e1 sauna umo\u017e\u0148uje proh\u0159\u00e1t\u00ed cel\u00e9ho t\u011bla a svalstva a je d\u016fle\u017eitou sou\u010d\u00e1st\u00ed posilov\u00e1n\u00ed imunity. Je vhodn\u00e1 pro dosp\u011bl\u00e9 osoby, kter\u00e9 jsou v dobr\u00e9 zdravotn\u00ed kondici a netrp\u00ed vysok\u00fdm tlakem ani srde\u010dn\u00edmi chorobami.<\/p>\n\n\n\n<p>Teplotu lze nastavit na 80-110&nbsp;\u00b0C<\/p>\n\n\n\n<p>Medita\u010dn\u00ed m\u00edstnost umo\u017e\u0148uje mezi jednotliv\u00fdmi saunovac\u00edmi cykly odpo\u010d\u00edvat za zvuku relaxa\u010dn\u00ed hudby. K ochlazen\u00ed slou\u017e\u00ed relaxa\u010dn\u00ed sprchy nebo lze vyb\u011bhnout p\u0159\u00edmo do sn\u011bhu.<\/p>\n\n\n\n<p>Wellness nen\u00ed v cen\u011b ubytov\u00e1n\u00ed automaticky. Je v\u0161ak sou\u010d\u00e1st\u00ed n\u011bkter\u00fdch vybran\u00fdch pobytov\u00fdch bal\u00ed\u010dk\u016f.<\/p>\n\n\n\n<p>Ceny wellness\u00a0se pohybuj\u00ed\u00a0od 190,- K\u010d do 250,- K\u010d\/hod. D\u011bti do 12 let\u00a0\u00a050 % sleva. Slevy pro skupiny.<\/p>\n\n\n\n<figure class=\"wp-block-gallery columns-6 is-cropped wp-block-gallery-1 is-layout-flex wp-block-gallery-is-layout-flex\"><ul class=\"blocks-gallery-grid\"><li class=\"blocks-gallery-item\"><figure><img loading=\"lazy\" decoding=\"async\" width=\"1024\" height=\"689\" src=\"http:\/\/hotelbarabenecko.cz\/wp-content\/uploads\/2021\/06\/Hotel-Bara-25-1024x689.jpg\" alt=\"\" data-id=\"259\" data-full-url=\"http:\/\/hotelbarabenecko.cz\/wp-content\/uploads\/2021\/06\/Hotel-Bara-25.jpg\" data-link=\"http:\/\/hotelbarabenecko.cz\/hotel-bara-25\/\" class=\"wp-image-259\" srcset=\"https:\/\/hotelbarabenecko.cz\/wp-content\/uploads\/2021\/06\/Hotel-Bara-25-1024x689.jpg 1024w, https:\/\/hotelbarabenecko.cz\/wp-content\/uploads\/2021\/06\/Hotel-Bara-25-300x202.jpg 300w, https:\/\/hotelbarabenecko.cz\/wp-content\/uploads\/2021\/06\/Hotel-Bara-25-768x516.jpg 768w, https:\/\/hotelbarabenecko.cz\/wp-content\/uploads\/2021\/06\/Hotel-Bara-25.jpg 1200w\" sizes=\"auto, (max-width: 1024px) 100vw, 1024px\" \/><\/figure><\/li><li class=\"blocks-gallery-item\"><figure><img loading=\"lazy\" decoding=\"async\" width=\"678\" height=\"1024\" src=\"http:\/\/hotelbarabenecko.cz\/wp-content\/uploads\/2021\/06\/Hotel-Bara-19-678x1024.jpg\" alt=\"\" data-id=\"257\" data-full-url=\"http:\/\/hotelbarabenecko.cz\/wp-content\/uploads\/2021\/06\/Hotel-Bara-19.jpg\" data-link=\"http:\/\/hotelbarabenecko.cz\/hotel-bara-19\/\" class=\"wp-image-257\" srcset=\"https:\/\/hotelbarabenecko.cz\/wp-content\/uploads\/2021\/06\/Hotel-Bara-19-678x1024.jpg 678w, https:\/\/hotelbarabenecko.cz\/wp-content\/uploads\/2021\/06\/Hotel-Bara-19-199x300.jpg 199w, https:\/\/hotelbarabenecko.cz\/wp-content\/uploads\/2021\/06\/Hotel-Bara-19-768x1159.jpg 768w, https:\/\/hotelbarabenecko.cz\/wp-content\/uploads\/2021\/06\/Hotel-Bara-19.jpg 795w\" sizes=\"auto, (max-width: 678px) 100vw, 678px\" \/><\/figure><\/li><li class=\"blocks-gallery-item\"><figure><img loading=\"lazy\" decoding=\"async\" width=\"1024\" height=\"777\" src=\"http:\/\/hotelbarabenecko.cz\/wp-content\/uploads\/2021\/06\/Hotel-Bara-18-1024x777.jpg\" alt=\"\" data-id=\"256\" data-full-url=\"http:\/\/hotelbarabenecko.cz\/wp-content\/uploads\/2021\/06\/Hotel-Bara-18.jpg\" data-link=\"http:\/\/hotelbarabenecko.cz\/hotel-bara-18\/\" class=\"wp-image-256\" srcset=\"https:\/\/hotelbarabenecko.cz\/wp-content\/uploads\/2021\/06\/Hotel-Bara-18-1024x777.jpg 1024w, https:\/\/hotelbarabenecko.cz\/wp-content\/uploads\/2021\/06\/Hotel-Bara-18-300x228.jpg 300w, https:\/\/hotelbarabenecko.cz\/wp-content\/uploads\/2021\/06\/Hotel-Bara-18-768x583.jpg 768w, https:\/\/hotelbarabenecko.cz\/wp-content\/uploads\/2021\/06\/Hotel-Bara-18.jpg 1200w\" sizes=\"auto, (max-width: 1024px) 100vw, 1024px\" \/><\/figure><\/li><li class=\"blocks-gallery-item\"><figure><img loading=\"lazy\" decoding=\"async\" width=\"679\" height=\"1024\" src=\"http:\/\/hotelbarabenecko.cz\/wp-content\/uploads\/2021\/06\/Hotel-Bara-16-679x1024.jpg\" alt=\"\" data-id=\"255\" data-full-url=\"http:\/\/hotelbarabenecko.cz\/wp-content\/uploads\/2021\/06\/Hotel-Bara-16.jpg\" data-link=\"http:\/\/hotelbarabenecko.cz\/hotel-bara-16\/\" class=\"wp-image-255\" srcset=\"https:\/\/hotelbarabenecko.cz\/wp-content\/uploads\/2021\/06\/Hotel-Bara-16-679x1024.jpg 679w, https:\/\/hotelbarabenecko.cz\/wp-content\/uploads\/2021\/06\/Hotel-Bara-16-199x300.jpg 199w, https:\/\/hotelbarabenecko.cz\/wp-content\/uploads\/2021\/06\/Hotel-Bara-16-768x1158.jpg 768w, https:\/\/hotelbarabenecko.cz\/wp-content\/uploads\/2021\/06\/Hotel-Bara-16.jpg 796w\" sizes=\"auto, (max-width: 679px) 100vw, 679px\" \/><\/figure><\/li><li class=\"blocks-gallery-item\"><figure><img loading=\"lazy\" decoding=\"async\" width=\"683\" height=\"1024\" src=\"http:\/\/hotelbarabenecko.cz\/wp-content\/uploads\/2021\/06\/Hotel-Bara-15-683x1024.jpg\" alt=\"\" data-id=\"254\" data-full-url=\"http:\/\/hotelbarabenecko.cz\/wp-content\/uploads\/2021\/06\/Hotel-Bara-15.jpg\" data-link=\"http:\/\/hotelbarabenecko.cz\/hotel-bara-15\/\" class=\"wp-image-254\" srcset=\"https:\/\/hotelbarabenecko.cz\/wp-content\/uploads\/2021\/06\/Hotel-Bara-15-683x1024.jpg 683w, https:\/\/hotelbarabenecko.cz\/wp-content\/uploads\/2021\/06\/Hotel-Bara-15-200x300.jpg 200w, https:\/\/hotelbarabenecko.cz\/wp-content\/uploads\/2021\/06\/Hotel-Bara-15-768x1152.jpg 768w, https:\/\/hotelbarabenecko.cz\/wp-content\/uploads\/2021\/06\/Hotel-Bara-15.jpg 800w\" sizes=\"auto, (max-width: 683px) 100vw, 683px\" \/><\/figure><\/li><li class=\"blocks-gallery-item\"><figure><img loading=\"lazy\" decoding=\"async\" width=\"668\" height=\"1024\" src=\"http:\/\/hotelbarabenecko.cz\/wp-content\/uploads\/2021\/06\/Hotel-Bara-21-668x1024.jpg\" alt=\"\" data-id=\"258\" data-full-url=\"http:\/\/hotelbarabenecko.cz\/wp-content\/uploads\/2021\/06\/Hotel-Bara-21.jpg\" data-link=\"http:\/\/hotelbarabenecko.cz\/hotel-bara-21\/\" class=\"wp-image-258\" srcset=\"https:\/\/hotelbarabenecko.cz\/wp-content\/uploads\/2021\/06\/Hotel-Bara-21-668x1024.jpg 668w, https:\/\/hotelbarabenecko.cz\/wp-content\/uploads\/2021\/06\/Hotel-Bara-21-196x300.jpg 196w, https:\/\/hotelbarabenecko.cz\/wp-content\/uploads\/2021\/06\/Hotel-Bara-21-768x1177.jpg 768w, https:\/\/hotelbarabenecko.cz\/wp-content\/uploads\/2021\/06\/Hotel-Bara-21.jpg 783w\" sizes=\"auto, (max-width: 668px) 100vw, 668px\" \/><\/figure><\/li><\/ul><\/figure>\n","protected":false},"excerpt":{"rendered":"<p>Bylinkov\u00e1 parn\u00ed sauna s hv\u011bzdn\u00fdm nebem a sv\u011btelnou font\u00e1nkou nab\u00edz\u00ed p\u0159\u00edjemn\u00e9 proh\u0159\u00e1t\u00ed t\u011bla a sou\u010dasn\u011b uvol\u0148uje d\u00fdchac\u00ed cesty d\u00fdch\u00e1n\u00edm vlhk\u00e9 p\u00e1ry a bylinn\u00fdch esenc\u00ed. Tato sauna je vhodn\u00e1 i pro d\u011bti, teplota dosahuje max.&nbsp;45&nbsp;\u00b0C Finsk\u00e1 sauna umo\u017e\u0148uje proh\u0159\u00e1t\u00ed cel\u00e9ho t\u011bla a svalstva a je d\u016fle\u017eitou sou\u010d\u00e1st\u00ed posilov\u00e1n\u00ed imunity. Je vhodn\u00e1 pro dosp\u011bl\u00e9 osoby, kter\u00e9 jsou [&hellip;]<\/p>\n","protected":false},"author":1,"featured_media":0,"parent":0,"menu_order":10,"comment_status":"closed","ping_status":"closed","template":"","meta":{"footnotes":""},"class_list":["post-53","page","type-page","status-publish","hentry"],"_links":{"self":[{"href":"https:\/\/hotelbarabenecko.cz\/de\/wp-json\/wp\/v2\/pages\/53","targetHints":{"allow":["GET"]}}],"collection":[{"href":"https:\/\/hotelbarabenecko.cz\/de\/wp-json\/wp\/v2\/pages"}],"about":[{"href":"https:\/\/hotelbarabenecko.cz\/de\/wp-json\/wp\/v2\/types\/page"}],"author":[{"embeddable":true,"href":"https:\/\/hotelbarabenecko.cz\/de\/wp-json\/wp\/v2\/users\/1"}],"replies":[{"embeddable":true,"href":"https:\/\/hotelbarabenecko.cz\/de\/wp-json\/wp\/v2\/comments?post=53"}],"version-history":[{"count":4,"href":"https:\/\/hotelbarabenecko.cz\/de\/wp-json\/wp\/v2\/pages\/53\/revisions"}],"predecessor-version":[{"id":304,"href":"https:\/\/hotelbarabenecko.cz\/de\/wp-json\/wp\/v2\/pages\/53\/revisions\/304"}],"wp:attachment":[{"href":"https:\/\/hotelbarabenecko.cz\/de\/wp-json\/wp\/v2\/media?parent=53"}],"curies":[{"name":"wp","href":"https:\/\/api.w.org\/{rel}","templated":true}]}}